{"id":1280,"date":"2023-11-06T12:20:30","date_gmt":"2023-11-06T12:20:30","guid":{"rendered":"https:\/\/www.palazzosanlorenzovenezia.com\/?page_id=1280"},"modified":"2024-08-09T15:43:10","modified_gmt":"2024-08-09T15:43:10","slug":"location","status":"publish","type":"page","link":"https:\/\/www.palazzosanlorenzovenezia.com\/es\/location\/","title":{"rendered":"Ubicaci\u00f3n"},"content":{"rendered":"\t\t<div data-elementor-type=\"wp-page\" data-elementor-id=\"1280\" class=\"elementor elementor-1280\" data-elementor-post-type=\"page\">\n\t\t\t\t<div class=\"elementor-element elementor-element-1a58a15 e-con-full e-flex e-con e-parent\" data-id=\"1a58a15\" data-element_type=\"container\" data-settings=\"{&quot;background_background&quot;:&quot;classic&quot;}\">\n\t\t\t\t<div class=\"elementor-element elementor-element-939ed45 elementor-widget elementor-widget-heading\" data-id=\"939ed45\" data-element_type=\"widget\" data-widget_type=\"heading.default\">\n\t\t\t\t<div class=\"elementor-widget-container\">\n\t\t\t<style>\/*! elementor - v3.21.0 - 18-04-2024 *\/\n.elementor-heading-title{padding:0;margin:0;line-height:1}.elementor-widget-heading .elementor-heading-title[class*=elementor-size-]>a{color:inherit;font-size:inherit;line-height:inherit}.elementor-widget-heading .elementor-heading-title.elementor-size-small{font-size:15px}.elementor-widget-heading .elementor-heading-title.elementor-size-medium{font-size:19px}.elementor-widget-heading .elementor-heading-title.elementor-size-large{font-size:29px}.elementor-widget-heading .elementor-heading-title.elementor-size-xl{font-size:39px}.elementor-widget-heading .elementor-heading-title.elementor-size-xxl{font-size:59px}<\/style><h2 class=\"elementor-heading-title elementor-size-default\">Location\u200b<\/h2>\t\t<\/div>\n\t\t\t\t<\/div>\n\t\t\t\t<div class=\"elementor-element elementor-element-f9eea2e elementor-view-default elementor-widget elementor-widget-icon\" data-id=\"f9eea2e\" data-element_type=\"widget\" data-widget_type=\"icon.default\">\n\t\t\t\t<div class=\"elementor-widget-container\">\n\t\t\t\t\t<div class=\"elementor-icon-wrapper\">\n\t\t\t<div class=\"elementor-icon\">\n\t\t\t<svg xmlns=\"http:\/\/www.w3.org\/2000\/svg\" width=\"70\" height=\"37.653\" viewBox=\"0 0 70 37.653\"><path id=\"navigate_next_FILL1_wght100_GRAD0_opsz48\" d=\"M362.738-615,360-617.738l32.176-32.176L360-682.262,362.738-685l34.914,35.086Z\" transform=\"translate(-615 -360) rotate(90)\" fill=\"#fff\"><\/path><\/svg>\t\t\t<\/div>\n\t\t<\/div>\n\t\t\t\t<\/div>\n\t\t\t\t<\/div>\n\t\t\t\t<\/div>\n\t\t<div class=\"elementor-element elementor-element-df071fe e-flex e-con-boxed e-con e-parent\" data-id=\"df071fe\" data-element_type=\"container\">\n\t\t\t\t\t<div class=\"e-con-inner\">\n\t\t<div class=\"elementor-element elementor-element-fba97da e-con-full e-flex e-con e-child\" data-id=\"fba97da\" data-element_type=\"container\">\n\t\t\t\t<div class=\"elementor-element elementor-element-6667c2a elementor-widget elementor-widget-heading\" data-id=\"6667c2a\" data-element_type=\"widget\" data-widget_type=\"heading.default\">\n\t\t\t\t<div class=\"elementor-widget-container\">\n\t\t\t<h2 class=\"elementor-heading-title elementor-size-default\">Un luogo di classe nella Venezia pi\u00f9 originale<\/h2>\t\t<\/div>\n\t\t\t\t<\/div>\n\t\t\t\t<div class=\"elementor-element elementor-element-36b94f3 elementor-widget elementor-widget-text-editor\" data-id=\"36b94f3\" data-element_type=\"widget\" data-widget_type=\"text-editor.default\">\n\t\t\t\t<div class=\"elementor-widget-container\">\n\t\t\t<style>\/*! elementor - v3.21.0 - 18-04-2024 *\/\n.elementor-widget-text-editor.elementor-drop-cap-view-stacked .elementor-drop-cap{background-color:#69727d;color:#fff}.elementor-widget-text-editor.elementor-drop-cap-view-framed .elementor-drop-cap{color:#69727d;border:3px solid;background-color:transparent}.elementor-widget-text-editor:not(.elementor-drop-cap-view-default) .elementor-drop-cap{margin-top:8px}.elementor-widget-text-editor:not(.elementor-drop-cap-view-default) .elementor-drop-cap-letter{width:1em;height:1em}.elementor-widget-text-editor .elementor-drop-cap{float:left;text-align:center;line-height:1;font-size:50px}.elementor-widget-text-editor .elementor-drop-cap-letter{display:inline-block}<\/style>\t\t\t\t<p>Palazzo San Lorenzo \u00e8 situato a 5 minuti a piedi da Piazza San Marco con il suo Palazzo Ducale ed il celebre Ponte dei Sospiri, e a poco pi\u00f9 dal Ponte di Rialto, in una delle zone pi\u00f9 ricche di opere d\u2019arte e di angoli caratteristici della citt\u00e0.<br \/>A due passi da Palazzo San Lorenzo si trovano anche: la Scuola Dalmata con i dipinti di Vettore Carpaccio; la chiesa di San Zaccaria che conserva il capolavoro di Giovanni Bellini \u201cLa sacra Conversazione\u201d; l\u2019antica Basilica dei Santi Giovanni e Paolo; il complesso monumentale dei Greci, con la Chiesa-Cattedrale Ortodossa dove si pu\u00f2 visitare la preziosa collezione di icone bizantine.<\/p><p>Il quartiere \u00e8 caratterizzato dalla presenza di rinomate osterie e ristoranti, tra i migliori della citt\u00e0, e dalla vicinanza delle maggiori vie dello shopping cittadino in cui convivono boutique di grandi firme e negozi d\u2019antiquariato e artigianato locale.<\/p>\t\t\t\t\t\t<\/div>\n\t\t\t\t<\/div>\n\t\t\t\t<\/div>\n\t\t<div class=\"elementor-element elementor-element-6f4e4e7 e-con-full e-flex e-con e-child\" data-id=\"6f4e4e7\" data-element_type=\"container\" data-settings=\"{&quot;background_background&quot;:&quot;classic&quot;}\">\n\t\t\t\t<div class=\"elementor-element elementor-element-4aac4c2 elementor-widget elementor-widget-google_maps\" data-id=\"4aac4c2\" data-element_type=\"widget\" data-widget_type=\"google_maps.default\">\n\t\t\t\t<div class=\"elementor-widget-container\">\n\t\t\t<style>\/*! elementor - v3.21.0 - 18-04-2024 *\/\n.elementor-widget-google_maps .elementor-widget-container{overflow:hidden}.elementor-widget-google_maps .elementor-custom-embed{line-height:0}.elementor-widget-google_maps iframe{height:300px}<\/style>\t\t<div class=\"elementor-custom-embed\">\n\t\t\t<iframe loading=\"lazy\"\n\t\t\t\t\tsrc=\"https:\/\/maps.google.com\/maps?q=Fondamenta%20de%20l%27Osmarin%2C%204981%2FB%2C%2030122%20Venezia%20VE&#038;t=m&#038;z=16&#038;output=embed&#038;iwloc=near\"\n\t\t\t\t\ttitle=\"Fondamenta de l&#039;Osmarin, 4981\/B, 30122 Venezia VE\"\n\t\t\t\t\taria-label=\"Fondamenta de l&#039;Osmarin, 4981\/B, 30122 Venezia VE\"\n\t\t\t><\/iframe>\n\t\t<\/div>\n\t\t\t\t<\/div>\n\t\t\t\t<\/div>\n\t\t\t\t<\/div>\n\t\t\t\t\t<\/div>\n\t\t\t\t<\/div>\n\t\t<div class=\"elementor-element elementor-element-736334d e-flex e-con-boxed e-con e-parent\" data-id=\"736334d\" data-element_type=\"container\">\n\t\t\t\t\t<div class=\"e-con-inner\">\n\t\t<div class=\"elementor-element elementor-element-909f38c e-con-full e-flex e-con e-child\" data-id=\"909f38c\" data-element_type=\"container\">\n\t\t\t\t<div class=\"elementor-element elementor-element-5327b65 elementor-widget-divider--view-line elementor-widget elementor-widget-divider\" data-id=\"5327b65\" data-element_type=\"widget\" data-widget_type=\"divider.default\">\n\t\t\t\t<div class=\"elementor-widget-container\">\n\t\t\t<style>\/*! elementor - v3.21.0 - 18-04-2024 *\/\n.elementor-widget-divider{--divider-border-style:none;--divider-border-width:1px;--divider-color:#0c0d0e;--divider-icon-size:20px;--divider-element-spacing:10px;--divider-pattern-height:24px;--divider-pattern-size:20px;--divider-pattern-url:none;--divider-pattern-repeat:repeat-x}.elementor-widget-divider .elementor-divider{display:flex}.elementor-widget-divider .elementor-divider__text{font-size:15px;line-height:1;max-width:95%}.elementor-widget-divider .elementor-divider__element{margin:0 var(--divider-element-spacing);flex-shrink:0}.elementor-widget-divider .elementor-icon{font-size:var(--divider-icon-size)}.elementor-widget-divider .elementor-divider-separator{display:flex;margin:0;direction:ltr}.elementor-widget-divider--view-line_icon .elementor-divider-separator,.elementor-widget-divider--view-line_text .elementor-divider-separator{align-items:center}.elementor-widget-divider--view-line_icon .elementor-divider-separator:after,.elementor-widget-divider--view-line_icon .elementor-divider-separator:before,.elementor-widget-divider--view-line_text .elementor-divider-separator:after,.elementor-widget-divider--view-line_text .elementor-divider-separator:before{display:block;content:\"\";border-block-end:0;flex-grow:1;border-block-start:var(--divider-border-width) var(--divider-border-style) var(--divider-color)}.elementor-widget-divider--element-align-left .elementor-divider .elementor-divider-separator>.elementor-divider__svg:first-of-type{flex-grow:0;flex-shrink:100}.elementor-widget-divider--element-align-left .elementor-divider-separator:before{content:none}.elementor-widget-divider--element-align-left .elementor-divider__element{margin-left:0}.elementor-widget-divider--element-align-right .elementor-divider .elementor-divider-separator>.elementor-divider__svg:last-of-type{flex-grow:0;flex-shrink:100}.elementor-widget-divider--element-align-right .elementor-divider-separator:after{content:none}.elementor-widget-divider--element-align-right .elementor-divider__element{margin-right:0}.elementor-widget-divider--element-align-start .elementor-divider .elementor-divider-separator>.elementor-divider__svg:first-of-type{flex-grow:0;flex-shrink:100}.elementor-widget-divider--element-align-start .elementor-divider-separator:before{content:none}.elementor-widget-divider--element-align-start .elementor-divider__element{margin-inline-start:0}.elementor-widget-divider--element-align-end .elementor-divider .elementor-divider-separator>.elementor-divider__svg:last-of-type{flex-grow:0;flex-shrink:100}.elementor-widget-divider--element-align-end .elementor-divider-separator:after{content:none}.elementor-widget-divider--element-align-end .elementor-divider__element{margin-inline-end:0}.elementor-widget-divider:not(.elementor-widget-divider--view-line_text):not(.elementor-widget-divider--view-line_icon) .elementor-divider-separator{border-block-start:var(--divider-border-width) var(--divider-border-style) var(--divider-color)}.elementor-widget-divider--separator-type-pattern{--divider-border-style:none}.elementor-widget-divider--separator-type-pattern.elementor-widget-divider--view-line .elementor-divider-separator,.elementor-widget-divider--separator-type-pattern:not(.elementor-widget-divider--view-line) .elementor-divider-separator:after,.elementor-widget-divider--separator-type-pattern:not(.elementor-widget-divider--view-line) .elementor-divider-separator:before,.elementor-widget-divider--separator-type-pattern:not([class*=elementor-widget-divider--view]) .elementor-divider-separator{width:100%;min-height:var(--divider-pattern-height);-webkit-mask-size:var(--divider-pattern-size) 100%;mask-size:var(--divider-pattern-size) 100%;-webkit-mask-repeat:var(--divider-pattern-repeat);mask-repeat:var(--divider-pattern-repeat);background-color:var(--divider-color);-webkit-mask-image:var(--divider-pattern-url);mask-image:var(--divider-pattern-url)}.elementor-widget-divider--no-spacing{--divider-pattern-size:auto}.elementor-widget-divider--bg-round{--divider-pattern-repeat:round}.rtl .elementor-widget-divider .elementor-divider__text{direction:rtl}.e-con-inner>.elementor-widget-divider,.e-con>.elementor-widget-divider{width:var(--container-widget-width,100%);--flex-grow:var(--container-widget-flex-grow)}<\/style>\t\t<div class=\"elementor-divider\">\n\t\t\t<span class=\"elementor-divider-separator\">\n\t\t\t\t\t\t<\/span>\n\t\t<\/div>\n\t\t\t\t<\/div>\n\t\t\t\t<\/div>\n\t\t\t\t<\/div>\n\t\t<div class=\"elementor-element elementor-element-c4f072e e-con-full e-flex e-con e-child\" data-id=\"c4f072e\" data-element_type=\"container\">\n\t\t\t\t<div class=\"elementor-element elementor-element-5f2281d elementor-widget elementor-widget-heading\" data-id=\"5f2281d\" data-element_type=\"widget\" data-widget_type=\"heading.default\">\n\t\t\t\t<div class=\"elementor-widget-container\">\n\t\t\t<h2 class=\"elementor-heading-title elementor-size-default\">Come raggiungere la struttura<\/h2>\t\t<\/div>\n\t\t\t\t<\/div>\n\t\t\t\t<div class=\"elementor-element elementor-element-aee8c26 elementor-widget elementor-widget-text-editor\" data-id=\"aee8c26\" data-element_type=\"widget\" data-widget_type=\"text-editor.default\">\n\t\t\t\t<div class=\"elementor-widget-container\">\n\t\t\t\t\t\t\t<p>Palazzo San Lorenzo \u00e8 a 5 minuti dalla fermata di San Zaccaria, dalla quale i vaporetti partono in direzione della Biennale e dell\u2019isola del Lido, navigano il suggestivo Canal Grande e, in meno di mezz\u2019ora, vi portano alla stazione dei treni o al terminal automobilistico di Piazzale Roma.<\/p>\t\t\t\t\t\t<\/div>\n\t\t\t\t<\/div>\n\t\t\t\t<\/div>\n\t\t<div class=\"elementor-element elementor-element-9b70920 e-con-full e-flex e-con e-child\" data-id=\"9b70920\" data-element_type=\"container\">\n\t\t<div class=\"elementor-element elementor-element-aeaa035 e-con-full e-flex e-con e-child\" data-id=\"aeaa035\" data-element_type=\"container\">\n\t\t\t\t<div class=\"elementor-element elementor-element-e84d8e9 elementor-align-center elementor-icon-list--layout-traditional elementor-list-item-link-full_width elementor-widget elementor-widget-icon-list\" data-id=\"e84d8e9\" data-element_type=\"widget\" data-widget_type=\"icon-list.default\">\n\t\t\t\t<div class=\"elementor-widget-container\">\n\t\t\t<link rel=\"stylesheet\" href=\"https:\/\/www.palazzosanlorenzovenezia.com\/wp-content\/plugins\/elementor\/assets\/css\/widget-icon-list.min.css\">\t\t<ul class=\"elementor-icon-list-items\">\n\t\t\t\t\t\t\t<li class=\"elementor-icon-list-item\">\n\t\t\t\t\t\t\t\t\t\t\t<span class=\"elementor-icon-list-icon\">\n\t\t\t\t\t\t\t<svg xmlns=\"http:\/\/www.w3.org\/2000\/svg\" width=\"119.558\" height=\"120\" viewBox=\"0 0 119.558 120\"><path id=\"flightsmode_FILL0_wght100_GRAD0_opsz24\" d=\"M220.133-641.354l-21.7-11.734,3.985-3.985,20.148,3.1,37.417-37.417L196-725.93l4.871-5.092L279.69-711.1l23.469-23.69A7,7,0,0,1,308.251-737a7,7,0,0,1,5.092,2.214,7.122,7.122,0,0,1,2.214,5.2,7.121,7.121,0,0,1-2.214,5.2L290.1-700.69l19.7,78.6L304.93-617l-34.76-63.985L233.2-644.011l2.878,20.369-4.207,4.207Z\" transform=\"translate(-196 737)\"><\/path><\/svg>\t\t\t\t\t\t<\/span>\n\t\t\t\t\t\t\t\t\t\t<span class=\"elementor-icon-list-text\">in aereo<\/span>\n\t\t\t\t\t\t\t\t\t<\/li>\n\t\t\t\t\t\t<\/ul>\n\t\t\t\t<\/div>\n\t\t\t\t<\/div>\n\t\t<div class=\"elementor-element elementor-element-59b5c1d e-con-full e-flex e-con e-child\" data-id=\"59b5c1d\" data-element_type=\"container\">\n\t\t\t\t<div class=\"elementor-element elementor-element-bbb725e elementor-widget elementor-widget-text-editor\" data-id=\"bbb725e\" data-element_type=\"widget\" data-widget_type=\"text-editor.default\">\n\t\t\t\t<div class=\"elementor-widget-container\">\n\t\t\t\t\t\t\t<ul><li class=\"li1\">Con taxi acqueo privato fino al Rio di San Lorenzo, a pochi passi dall\u2019ingresso di Palazzo San Lorenzo (circa 40 minuti)<\/li><\/ul>\t\t\t\t\t\t<\/div>\n\t\t\t\t<\/div>\n\t\t\t\t<div class=\"elementor-element elementor-element-41138ba elementor-widget elementor-widget-text-editor\" data-id=\"41138ba\" data-element_type=\"widget\" data-widget_type=\"text-editor.default\">\n\t\t\t\t<div class=\"elementor-widget-container\">\n\t\t\t\t\t\t\t<ul><li class=\"li1\">Con navetta acquea Alilaguna Linea Blu fino alla fermata di \u201cSan Zaccaria\u201d (circa 60 minuti)<\/li><\/ul>\t\t\t\t\t\t<\/div>\n\t\t\t\t<\/div>\n\t\t\t\t<div class=\"elementor-element elementor-element-da654b9 elementor-widget elementor-widget-text-editor\" data-id=\"da654b9\" data-element_type=\"widget\" data-widget_type=\"text-editor.default\">\n\t\t\t\t<div class=\"elementor-widget-container\">\n\t\t\t\t\t\t\t<ul><li class=\"li1\">Con bus Linea 5 fino a Piazzale Roma, e successivamente vaporetto Linea 1 fino alla fermata \u201cSan Zaccaria\u201d (circa 80 minuti)<\/li><\/ul>\t\t\t\t\t\t<\/div>\n\t\t\t\t<\/div>\n\t\t\t\t<div class=\"elementor-element elementor-element-6e15c00 elementor-widget elementor-widget-text-editor\" data-id=\"6e15c00\" data-element_type=\"widget\" data-widget_type=\"text-editor.default\">\n\t\t\t\t<div class=\"elementor-widget-container\">\n\t\t\t\t\t\t\t<p class=\"p1\">Da San Zaccaria, vicino al monumento a Vittorio Emanuele, prendere il sottoportico per campo San Zaccaria; oltrepassato il campo, ci si ritrover\u00e0 in Campo San Provolo; girare a destra e andare dritti fino al ponte del Diavolo. Palazzo San Lorenzo si trova sulla destra, ai piedi del ponte.<\/p>\t\t\t\t\t\t<\/div>\n\t\t\t\t<\/div>\n\t\t\t\t<\/div>\n\t\t\t\t<\/div>\n\t\t<div class=\"elementor-element elementor-element-645008a e-con-full e-flex e-con e-child\" data-id=\"645008a\" data-element_type=\"container\">\n\t\t\t\t<div class=\"elementor-element elementor-element-d21aa7e elementor-align-center elementor-icon-list--layout-traditional elementor-list-item-link-full_width elementor-widget elementor-widget-icon-list\" data-id=\"d21aa7e\" data-element_type=\"widget\" data-widget_type=\"icon-list.default\">\n\t\t\t\t<div class=\"elementor-widget-container\">\n\t\t\t\t\t<ul class=\"elementor-icon-list-items\">\n\t\t\t\t\t\t\t<li class=\"elementor-icon-list-item\">\n\t\t\t\t\t\t\t\t\t\t\t<span class=\"elementor-icon-list-icon\">\n\t\t\t\t\t\t\t<svg xmlns=\"http:\/\/www.w3.org\/2000\/svg\" width=\"98.049\" height=\"120\" viewBox=\"0 0 98.049 120\"><path id=\"train_FILL1_wght100_GRAD0_opsz24\" d=\"M212-742.39v-65.854a14.159,14.159,0,0,1,3.841-10.335,24.807,24.807,0,0,1,10.518-6.037A68.6,68.6,0,0,1,242-827.36q8.963-.64,19.024-.64,10.244,0,19.116.64a69.551,69.551,0,0,1,15.552,2.715,24.4,24.4,0,0,1,10.518,6.037,14.264,14.264,0,0,1,3.839,10.364v65.854a19.052,19.052,0,0,1-5.762,13.994,19.052,19.052,0,0,1-13.994,5.762l10.976,10.976V-708H297.61l-14.634-14.634h-43.9L224.439-708H220.78v-3.659l10.976-10.976a19.052,19.052,0,0,1-13.994-5.762A19.052,19.052,0,0,1,212-742.39Zm5.122-27.073h41.341v-35.854H217.122Zm46.463,0h41.341v-35.854H263.585Zm-28.213,30.732a7.209,7.209,0,0,0,5.256-2.061,6.991,6.991,0,0,0,2.1-5.213,7.21,7.21,0,0,0-2.061-5.256,6.991,6.991,0,0,0-5.213-2.1A7.209,7.209,0,0,0,230.2-751.3a6.991,6.991,0,0,0-2.1,5.213,7.209,7.209,0,0,0,2.061,5.256A6.991,6.991,0,0,0,235.372-738.732Zm51.219,0a7.209,7.209,0,0,0,5.256-2.061,6.991,6.991,0,0,0,2.1-5.213,7.21,7.21,0,0,0-2.061-5.256,6.991,6.991,0,0,0-5.213-2.1,7.209,7.209,0,0,0-5.256,2.061,6.991,6.991,0,0,0-2.1,5.213,7.209,7.209,0,0,0,2.061,5.256A6.991,6.991,0,0,0,286.591-738.732Z\" transform=\"translate(-212 828)\"><\/path><\/svg>\t\t\t\t\t\t<\/span>\n\t\t\t\t\t\t\t\t\t\t<span class=\"elementor-icon-list-text\">in treno<\/span>\n\t\t\t\t\t\t\t\t\t<\/li>\n\t\t\t\t\t\t<\/ul>\n\t\t\t\t<\/div>\n\t\t\t\t<\/div>\n\t\t\t\t<div class=\"elementor-element elementor-element-7df3d7a elementor-widget elementor-widget-heading\" data-id=\"7df3d7a\" data-element_type=\"widget\" data-widget_type=\"heading.default\">\n\t\t\t\t<div class=\"elementor-widget-container\">\n\t\t\t<h4 class=\"elementor-heading-title elementor-size-default\">(Stazione di Venezia Santa Lucia)<\/h4>\t\t<\/div>\n\t\t\t\t<\/div>\n\t\t<div class=\"elementor-element elementor-element-88554e7 e-con-full e-flex e-con e-child\" data-id=\"88554e7\" data-element_type=\"container\">\n\t\t\t\t<div class=\"elementor-element elementor-element-aa9a428 elementor-widget elementor-widget-text-editor\" data-id=\"aa9a428\" data-element_type=\"widget\" data-widget_type=\"text-editor.default\">\n\t\t\t\t<div class=\"elementor-widget-container\">\n\t\t\t\t\t\t\t<ul><li class=\"li1\">Con taxi acqueo privato direttamente fino al Rio di San Lorenzo, a pochi passi dall\u2019ingresso di Palazzo San Lorenzo (circa 20 minuti)<\/li><\/ul>\t\t\t\t\t\t<\/div>\n\t\t\t\t<\/div>\n\t\t\t\t<div class=\"elementor-element elementor-element-6f8ef29 elementor-widget elementor-widget-text-editor\" data-id=\"6f8ef29\" data-element_type=\"widget\" data-widget_type=\"text-editor.default\">\n\t\t\t\t<div class=\"elementor-widget-container\">\n\t\t\t\t\t\t\t<ul><li class=\"li1\">Con vaporetto pubblico Linea 1 fino alla fermata di \u201cSan Zaccaria\u201d (circa 45 minuti)<\/li><\/ul>\t\t\t\t\t\t<\/div>\n\t\t\t\t<\/div>\n\t\t\t\t<div class=\"elementor-element elementor-element-f5dfb4f elementor-widget elementor-widget-text-editor\" data-id=\"f5dfb4f\" data-element_type=\"widget\" data-widget_type=\"text-editor.default\">\n\t\t\t\t<div class=\"elementor-widget-container\">\n\t\t\t\t\t\t\t<p class=\"p1\">Da San Zaccaria, vicino al monumento a Vittorio Emanuele, prendere il sottoportico per campo San Zaccaria; oltrepassato il campo, ci si ritrover\u00e0 in Campo San Provolo; girare a destra e andare dritti fino al ponte del Diavolo. Palazzo San Lorenzo si trova sulla destra, ai piedi del ponte.<\/p>\t\t\t\t\t\t<\/div>\n\t\t\t\t<\/div>\n\t\t\t\t<\/div>\n\t\t\t\t<\/div>\n\t\t<div class=\"elementor-element elementor-element-2f8be7c e-con-full e-flex e-con e-child\" data-id=\"2f8be7c\" data-element_type=\"container\">\n\t\t\t\t<div class=\"elementor-element elementor-element-1cbb782 elementor-align-center elementor-icon-list--layout-traditional elementor-list-item-link-full_width elementor-widget elementor-widget-icon-list\" data-id=\"1cbb782\" data-element_type=\"widget\" data-widget_type=\"icon-list.default\">\n\t\t\t\t<div class=\"elementor-widget-container\">\n\t\t\t\t\t<ul class=\"elementor-icon-list-items\">\n\t\t\t\t\t\t\t<li class=\"elementor-icon-list-item\">\n\t\t\t\t\t\t\t\t\t\t\t<span class=\"elementor-icon-list-icon\">\n\t\t\t\t\t\t\t<svg xmlns=\"http:\/\/www.w3.org\/2000\/svg\" width=\"103.433\" height=\"90\" viewBox=\"0 0 103.433 90\"><path id=\"directions_car_FILL1_wght100_GRAD0_opsz24\" d=\"M176.7-631.433v11.082a2.275,2.275,0,0,1-.676,1.675,2.275,2.275,0,0,1-1.675.676,2.275,2.275,0,0,1-1.675-.676,2.275,2.275,0,0,1-.676-1.675v-48.022l13.1-37.276a2.842,2.842,0,0,1,1.377-1.763,4.631,4.631,0,0,1,2.317-.588h70.522a2.971,2.971,0,0,1,1.862.646,3.325,3.325,0,0,1,1.16,1.7l13.1,37.276v48.022a2.275,2.275,0,0,1-.676,1.675,2.275,2.275,0,0,1-1.675.676,2.275,2.275,0,0,1-1.675-.676,2.275,2.275,0,0,1-.676-1.675v-11.082Zm2.015-41.642h90L257.97-703.3H189.463Zm14.144,27.537a6.386,6.386,0,0,0,4.746-1.97,6.584,6.584,0,0,0,1.931-4.785,6.386,6.386,0,0,0-1.97-4.746,6.583,6.583,0,0,0-4.785-1.931,6.386,6.386,0,0,0-4.746,1.97,6.584,6.584,0,0,0-1.931,4.786,6.386,6.386,0,0,0,1.97,4.746A6.583,6.583,0,0,0,192.86-645.537Zm61.791,0a6.386,6.386,0,0,0,4.746-1.97,6.584,6.584,0,0,0,1.931-4.785,6.386,6.386,0,0,0-1.97-4.746,6.583,6.583,0,0,0-4.785-1.931,6.386,6.386,0,0,0-4.746,1.97,6.584,6.584,0,0,0-1.931,4.786,6.386,6.386,0,0,0,1.97,4.746A6.583,6.583,0,0,0,254.651-645.537Z\" transform=\"translate(-172 708)\"><\/path><\/svg>\t\t\t\t\t\t<\/span>\n\t\t\t\t\t\t\t\t\t\t<span class=\"elementor-icon-list-text\">in auto<\/span>\n\t\t\t\t\t\t\t\t\t<\/li>\n\t\t\t\t\t\t<\/ul>\n\t\t\t\t<\/div>\n\t\t\t\t<\/div>\n\t\t<div class=\"elementor-element elementor-element-357faf3 e-con-full e-flex e-con e-child\" data-id=\"357faf3\" data-element_type=\"container\">\n\t\t\t\t<div class=\"elementor-element elementor-element-4602eb8 elementor-widget elementor-widget-text-editor\" data-id=\"4602eb8\" data-element_type=\"widget\" data-widget_type=\"text-editor.default\">\n\t\t\t\t<div class=\"elementor-widget-container\">\n\t\t\t\t\t\t\t<ul><li class=\"li1\">Con taxi acqueo privato direttamente fino al Rio di San Lorenzo, a pochi passi dall\u2019ingresso di Palazzo San Lorenzo (circa 40 minuti)<\/li><\/ul>\t\t\t\t\t\t<\/div>\n\t\t\t\t<\/div>\n\t\t\t\t<div class=\"elementor-element elementor-element-baa1219 elementor-widget elementor-widget-text-editor\" data-id=\"baa1219\" data-element_type=\"widget\" data-widget_type=\"text-editor.default\">\n\t\t\t\t<div class=\"elementor-widget-container\">\n\t\t\t\t\t\t\t<ul><li class=\"li1\">Da Piazzale Roma: con vaporetto pubblico Linea 1 fino alla fermata di \u201cSan Zaccaria\u201d (circa 45 minuti)<\/li><\/ul>\t\t\t\t\t\t<\/div>\n\t\t\t\t<\/div>\n\t\t\t\t<div class=\"elementor-element elementor-element-4b43b19 elementor-widget elementor-widget-text-editor\" data-id=\"4b43b19\" data-element_type=\"widget\" data-widget_type=\"text-editor.default\">\n\t\t\t\t<div class=\"elementor-widget-container\">\n\t\t\t\t\t\t\t<ul><li class=\"li1\">Dall\u2019Isola del Tronchetto: con vaporetto pubblico Linea 2 fino alla fermata di \u201cSan Zaccaria\u201d (circa 30 minuti)<\/li><\/ul>\t\t\t\t\t\t<\/div>\n\t\t\t\t<\/div>\n\t\t\t\t<div class=\"elementor-element elementor-element-afef271 elementor-widget elementor-widget-text-editor\" data-id=\"afef271\" data-element_type=\"widget\" data-widget_type=\"text-editor.default\">\n\t\t\t\t<div class=\"elementor-widget-container\">\n\t\t\t\t\t\t\t<p class=\"p1\">Da San Zaccaria, vicino al monumento a Vittorio Emanuele, prendere il sottoportico per campo San Zaccaria; oltrepassato il campo, ci si ritrover\u00e0 in Campo San Provolo; girare a destra e andare dritti fino al ponte del Diavolo. Palazzo San Lorenzo si trova sulla destra, ai piedi del ponte.<\/p>\t\t\t\t\t\t<\/div>\n\t\t\t\t<\/div>\n\t\t\t\t<\/div>\n\t\t\t\t<\/div>\n\t\t\t\t<\/div>\n\t\t\t\t\t<\/div>\n\t\t\t\t<\/div>\n\t\t\t\t<\/div>\n\t\t","protected":false},"excerpt":{"rendered":"<p>Location\u200b Un luogo di classe nella Venezia pi\u00f9 originale Palazzo San Lorenzo \u00e8 situato a 5 minuti a piedi da Piazza San Marco con il suo Palazzo Ducale ed il celebre Ponte dei Sospiri, e a poco pi\u00f9 dal Ponte di Rialto, in una delle zone pi\u00f9 ricche di opere d\u2019arte e di angoli caratteristici [&hellip;]<\/p>\n","protected":false},"author":1,"featured_media":0,"parent":0,"menu_order":0,"comment_status":"closed","ping_status":"closed","template":"","meta":{"footnotes":""},"_links":{"self":[{"href":"https:\/\/www.palazzosanlorenzovenezia.com\/es\/wp-json\/wp\/v2\/pages\/1280"}],"collection":[{"href":"https:\/\/www.palazzosanlorenzovenezia.com\/es\/wp-json\/wp\/v2\/pages"}],"about":[{"href":"https:\/\/www.palazzosanlorenzovenezia.com\/es\/wp-json\/wp\/v2\/types\/page"}],"author":[{"embeddable":true,"href":"https:\/\/www.palazzosanlorenzovenezia.com\/es\/wp-json\/wp\/v2\/users\/1"}],"replies":[{"embeddable":true,"href":"https:\/\/www.palazzosanlorenzovenezia.com\/es\/wp-json\/wp\/v2\/comments?post=1280"}],"version-history":[{"count":9,"href":"https:\/\/www.palazzosanlorenzovenezia.com\/es\/wp-json\/wp\/v2\/pages\/1280\/revisions"}],"predecessor-version":[{"id":3392,"href":"https:\/\/www.palazzosanlorenzovenezia.com\/es\/wp-json\/wp\/v2\/pages\/1280\/revisions\/3392"}],"wp:attachment":[{"href":"https:\/\/www.palazzosanlorenzovenezia.com\/es\/wp-json\/wp\/v2\/media?parent=1280"}],"curies":[{"name":"wp","href":"https:\/\/api.w.org\/{rel}","templated":true}]}}